{"id":60,"date":"2007-10-03T01:53:55","date_gmt":"2007-10-02T23:53:55","guid":{"rendered":"http:\/\/titeroute.org\/wordpress\/?page_id=60"},"modified":"2025-05-18T18:07:45","modified_gmt":"2025-05-18T16:07:45","slug":"about-2","status":"publish","type":"page","link":"https:\/\/titeroute.org\/?page_id=60","title":{"rendered":"A propos"},"content":{"rendered":"<p>Bienvenue chez moi.<\/p>\n<p>Cela se trouve en Creuse, la r\u00e9gion d&rsquo;origine de ma famille, apr\u00e8s une vingtaine d&rsquo;ann\u00e9es pass\u00e9es en Auvergne.<br \/>\nSur ce site, vous trouverez des photos. Plein de photos, de tout, de rien, d&rsquo;un brin de vent, de rayons de lumi\u00e8res, de fleurs qui poussent et qui meurent. Des ambiances, des jeux de lignes. De l&rsquo;humain, de la pierre&#8230;<br \/>\nIl y a mes balades en moto, m\u00eame si au fil des ann\u00e9es, je roule toujours autant mais je raconte moins.<br \/>\nUn peu de terre \u00e9galement, celle dans laquelle j&rsquo;ai mis les mains au d\u00e9but des ann\u00e9es 2000, activit\u00e9 en sommeil, qui se r\u00e9veillera peut-\u00eatre un jour.<br \/>\nPour m&rsquo;envoyer un mail, c&rsquo;est <a href=\"mailto:corinne@titeroute.org\">l\u00e0<\/a>.<\/p>\n","protected":false},"excerpt":{"rendered":"<p>Bienvenue chez moi. Cela se trouve en Creuse, la r\u00e9gion d&rsquo;origine de ma famille, apr\u00e8s une vingtaine d&rsquo;ann\u00e9es pass\u00e9es en Auvergne. Sur ce site, vous &hellip; <\/p>\n","protected":false},"author":1,"featured_media":0,"parent":0,"menu_order":0,"comment_status":"closed","ping_status":"closed","template":"","meta":{"footnotes":""},"class_list":["post-60","page","type-page","status-publish","hentry","has-meta"],"_links":{"self":[{"href":"https:\/\/titeroute.org\/index.php?rest_route=\/wp\/v2\/pages\/60","targetHints":{"allow":["GET"]}}],"collection":[{"href":"https:\/\/titeroute.org\/index.php?rest_route=\/wp\/v2\/pages"}],"about":[{"href":"https:\/\/titeroute.org\/index.php?rest_route=\/wp\/v2\/types\/page"}],"author":[{"embeddable":true,"href":"https:\/\/titeroute.org\/index.php?rest_route=\/wp\/v2\/users\/1"}],"replies":[{"embeddable":true,"href":"https:\/\/titeroute.org\/index.php?rest_route=%2Fwp%2Fv2%2Fcomments&post=60"}],"version-history":[{"count":8,"href":"https:\/\/titeroute.org\/index.php?rest_route=\/wp\/v2\/pages\/60\/revisions"}],"predecessor-version":[{"id":2617,"href":"https:\/\/titeroute.org\/index.php?rest_route=\/wp\/v2\/pages\/60\/revisions\/2617"}],"wp:attachment":[{"href":"https:\/\/titeroute.org\/index.php?rest_route=%2Fwp%2Fv2%2Fmedia&parent=60"}],"curies":[{"name":"wp","href":"https:\/\/api.w.org\/{rel}","templated":true}]}}